{"id":3489,"date":"2024-06-18T12:09:20","date_gmt":"2024-06-18T12:09:20","guid":{"rendered":"https:\/\/bisou.qodeinteractive.com\/?page_id=3489"},"modified":"2026-03-07T02:22:39","modified_gmt":"2026-03-07T02:22:39","slug":"boda-de-moni-juanka","status":"publish","type":"page","link":"https:\/\/moniandjuanka.com\/en\/","title":{"rendered":"Moni &amp; Juanka's wedding"},"content":{"rendered":"\t\t<div data-elementor-type=\"wp-page\" data-elementor-id=\"3489\" class=\"elementor elementor-3489\">\n\t\t\t\t<div class=\"elementor-element elementor-element-6e3cb15 e-con-full e-flex e-con e-parent\" data-id=\"6e3cb15\" data-element_type=\"container\" data-e-type=\"container\" data-settings=\"{&quot;background_background&quot;:&quot;classic&quot;}\" data-no-translation=\"\">\n\t\t\t\t<div class=\"elementor-element elementor-element-1c66cd9 elementor-widget elementor-widget-slider_revolution\" data-id=\"1c66cd9\" data-element_type=\"widget\" data-e-type=\"widget\" data-widget_type=\"slider_revolution.default\">\n\t\t\t\t\t\n\t\t<div class=\"wp-block-themepunch-revslider\">\n\t\t\t\t<p class=\"rs-p-wp-fix\"><\/p>\n\t\t\t\t<sr7-module data-alias=\"home-6-1\" data-id=\"15\" id=\"SR7_15_2\" class=\"rs-ov-hidden\" data-version=\"6.7.34\">\n\t\t\t\t\t<sr7-adjuster><\/sr7-adjuster>\n\t\t\t\t\t<sr7-content>\n\t\t\t\t\t\t<sr7-slide id=\"SR7_15_2-34\" data-key=\"34\">\n\t\t\t\t\t\t\t<sr7-bg id=\"SR7_15_2-34-18\" class=\"sr7-layer\"><noscript><img decoding=\"async\" loading=\"lazy\" src=\"https:\/\/moniandjuanka.com\/wp-content\/uploads\/2026\/03\/Moni-Juanka-Wedding-Background-3.png\" alt=\"\" title=\"Moni &#038; Juanka Wedding Background (3)\"><\/noscript><\/sr7-bg>\n\t\t\t\t\t\t\t<sr7-txt id=\"SR7_15_2-34-17\" class=\"sr7-layer\" srscsrc><a class=\"qodef-shortcode qodef-m qodef-button qodef-layout--filled qodef-html--link\" href=\"\/inicio\/\" target=\"_self\" style=\"--qode-button-color: #784824;--qode-button-bg-color: #FFFFFF;--qode-button-inner-border-color: #78482470\">\n\t<span class=\"qodef-m-text\">Info &amp; RSVP<\/span>\n<\/a>\n<\/sr7-txt>\n\t\t\t\t\t\t<\/sr7-slide>\n\t\t\t\t\t\t<sr7-slide id=\"SR7_15_2-35\" data-key=\"35\">\n\t\t\t\t\t\t<\/sr7-slide>\n\t\t\t\t\t<\/sr7-content>\n\t\t\t\t\t<image_lists style=\"display:none\">\n\t\t\t\t\t\t<img loading=\"lazy\" loading=\"lazy\" data-src=\"\/\/moniandjuanka.com\/wp-content\/uploads\/2026\/03\/JMModernCanvasPhotography-5-scaled.jpg\" data-libid=\"8376\" data-lib=\"medialibrary\" title=\"J+MModernCanvasPhotography-5\" width=\"0\" height=\"0\" data-dbsrc=\"Ly9tb25pYW5kanVhbmthLmNvbS93cC1jb250ZW50L3VwbG9hZHMvMjAyNi8wMy9KTU1vZGVybkNhbnZhc1Bob3RvZ3JhcGh5LTUtc2NhbGVkLmpwZw==\"\/>\n\t\t\t\t\t\t<img loading=\"lazy\" loading=\"lazy\" data-src=\"\/\/moniandjuanka.com\/wp-content\/uploads\/2026\/03\/4-732x1024.jpg\" data-libid=\"8738\" data-lib=\"medialibrary\" title=\"4\" width=\"0\" height=\"0\" data-dbsrc=\"Ly9tb25pYW5kanVhbmthLmNvbS93cC1jb250ZW50L3VwbG9hZHMvMjAyNi8wMy80LTczMngxMDI0LmpwZw==\"\/>\n\t\t\t\t\t\t<img loading=\"lazy\" loading=\"lazy\" data-src=\"\/\/moniandjuanka.com\/wp-content\/uploads\/2026\/03\/J-3.png\" data-libid=\"8628\" data-lib=\"medialibrary\" title=\"J (3)\" width=\"0\" height=\"0\" data-dbsrc=\"Ly9tb25pYW5kanVhbmthLmNvbS93cC1jb250ZW50L3VwbG9hZHMvMjAyNi8wMy9KLTMucG5n\"\/>\n\t\t\t\t\t\t<img loading=\"lazy\" loading=\"lazy\" data-src=\"\/\/moniandjuanka.com\/wp-content\/uploads\/2026\/03\/Moni-Juanka-Wedding-Background-3.png\" data-libid=\"8363\" data-lib=\"medialibrary\" title=\"Moni &#038; Juanka Wedding Background (3)\" width=\"0\" height=\"0\" data-dbsrc=\"Ly9tb25pYW5kanVhbmthLmNvbS93cC1jb250ZW50L3VwbG9hZHMvMjAyNi8wMy9Nb25pLUp1YW5rYS1XZWRkaW5nLUJhY2tncm91bmQtMy5wbmc=\"\/>\n\t\t\t\t\t<\/image_lists>\n\t\t\t\t<\/sr7-module>\n\t\t\t\t<script>\n\t\t\t\t\tSR7.PMH ??={}; SR7.PMH[\"SR7_15_2\"] = {cn:100,state:false,fn: function() { if (_tpt!==undefined && _tpt.prepareModuleHeight !== undefined) {  _tpt.prepareModuleHeight({id:\"SR7_15_2\",el:[900,900,768,960,720],type:'standard',shdw:'0',gh:[900,900,768,960,720],gw:[1920,1920,1512,778,480],vpt:['-100px&#039;,&#039;-100px&#039;,&#039;-100px&#039;,&#039;-100px&#039;,&#039;-100px'],size:{fullWidth:true, fullHeight:true},fho:'',mh:'0',onh:0,onw:0,bg:{color:'{\"orig\":\"transparent\",\"type\":\"solid\",\"string\":\"transparent\"}'}});   SR7.PMH[\"SR7_15_2\"].state=true;} else if(SR7.PMH[\"SR7_15_2\"].cn-->0)\tsetTimeout( SR7.PMH[\"SR7_15_2\"].fn,19);}};SR7.PMH[\"SR7_15_2\" ].fn();\n\t\t\t\t<\/script>\n<\/div>\n\n\t\t\t\t\t\t<\/div>\n\t\t\t\t<\/div>\n\t\t\t\t<\/div>\n\t\t","protected":false},"excerpt":{"rendered":"","protected":false},"author":1,"featured_media":8402,"parent":0,"menu_order":0,"comment_status":"closed","ping_status":"closed","template":"elementor_canvas","meta":{"nf_dc_page":"","_monsterinsights_skip_tracking":false,"_monsterinsights_sitenote_active":false,"_monsterinsights_sitenote_note":"","_monsterinsights_sitenote_category":0,"footnotes":""},"class_list":["post-3489","page","type-page","status-publish","has-post-thumbnail","hentry"],"yoast_head":"<!-- This site is optimized with the Yoast SEO plugin v27.5 - https:\/\/yoast.com\/product\/yoast-seo-wordpress\/ -->\n<title>Boda de Moni &amp; Juanka<\/title>\n<meta name=\"description\" content=\"Bienvenidos a la p\u00e1gina de la boda de Moni &amp; Juanka en Colombia. Aqu\u00ed encontrar\u00e1s toda la informaci\u00f3n del evento, dress code, transporte y detalles para celebrar juntos este momento tan especial.\" \/>\n<meta name=\"robots\" content=\"index, follow, max-snippet:-1, max-image-preview:large, max-video-preview:-1\" \/>\n<link rel=\"canonical\" href=\"https:\/\/moniandjuanka.com\/en\/\" \/>\n<meta property=\"og:locale\" content=\"en_US\" \/>\n<meta property=\"og:type\" content=\"article\" \/>\n<meta property=\"og:title\" content=\"Boda de Moni &amp; Juanka\" \/>\n<meta property=\"og:description\" content=\"Bienvenidos a la p\u00e1gina de la boda de Moni &amp; Juanka en Colombia. Aqu\u00ed encontrar\u00e1s toda la informaci\u00f3n del evento, dress code, transporte y detalles para celebrar juntos este momento tan especial.\" \/>\n<meta property=\"og:url\" content=\"https:\/\/moniandjuanka.com\/en\/\" \/>\n<meta property=\"og:site_name\" content=\"Moni &amp; Juanka Wedding\" \/>\n<meta property=\"article:modified_time\" content=\"2026-03-07T02:22:39+00:00\" \/>\n<meta property=\"og:image\" content=\"https:\/\/moniandjuanka.com\/wp-content\/uploads\/2026\/03\/IMG_8001-768x1024.webp\" \/>\n\t<meta property=\"og:image:width\" content=\"768\" \/>\n\t<meta property=\"og:image:height\" content=\"1024\" \/>\n\t<meta property=\"og:image:type\" content=\"image\/webp\" \/>\n<meta name=\"twitter:card\" content=\"summary_large_image\" \/>\n<meta name=\"twitter:label1\" content=\"Est. reading time\" \/>\n\t<meta name=\"twitter:data1\" content=\"1 minute\" \/>\n<script type=\"application\/ld+json\" class=\"yoast-schema-graph\">{\"@context\":\"https:\\\/\\\/schema.org\",\"@graph\":[{\"@type\":\"WebPage\",\"@id\":\"https:\\\/\\\/moniandjuanka.com\\\/\",\"url\":\"https:\\\/\\\/moniandjuanka.com\\\/\",\"name\":\"Boda de Moni & Juanka\",\"isPartOf\":{\"@id\":\"https:\\\/\\\/moniandjuanka.com\\\/#website\"},\"primaryImageOfPage\":{\"@id\":\"https:\\\/\\\/moniandjuanka.com\\\/#primaryimage\"},\"image\":{\"@id\":\"https:\\\/\\\/moniandjuanka.com\\\/#primaryimage\"},\"thumbnailUrl\":\"https:\\\/\\\/moniandjuanka.com\\\/wp-content\\\/uploads\\\/2026\\\/03\\\/IMG_7999-scaled.webp\",\"datePublished\":\"2024-06-18T12:09:20+00:00\",\"dateModified\":\"2026-03-07T02:22:39+00:00\",\"description\":\"Bienvenidos a la p\u00e1gina de la boda de Moni & Juanka en Colombia. Aqu\u00ed encontrar\u00e1s toda la informaci\u00f3n del evento, dress code, transporte y detalles para celebrar juntos este momento tan especial.\",\"breadcrumb\":{\"@id\":\"https:\\\/\\\/moniandjuanka.com\\\/#breadcrumb\"},\"inLanguage\":\"en-US\",\"potentialAction\":[{\"@type\":\"ReadAction\",\"target\":[\"https:\\\/\\\/moniandjuanka.com\\\/\"]}]},{\"@type\":\"ImageObject\",\"inLanguage\":\"en-US\",\"@id\":\"https:\\\/\\\/moniandjuanka.com\\\/#primaryimage\",\"url\":\"https:\\\/\\\/moniandjuanka.com\\\/wp-content\\\/uploads\\\/2026\\\/03\\\/IMG_7999-scaled.webp\",\"contentUrl\":\"https:\\\/\\\/moniandjuanka.com\\\/wp-content\\\/uploads\\\/2026\\\/03\\\/IMG_7999-scaled.webp\",\"width\":1920,\"height\":2560},{\"@type\":\"BreadcrumbList\",\"@id\":\"https:\\\/\\\/moniandjuanka.com\\\/#breadcrumb\",\"itemListElement\":[{\"@type\":\"ListItem\",\"position\":1,\"name\":\"Home\",\"item\":\"https:\\\/\\\/moniandjuanka.com\\\/\"},{\"@type\":\"ListItem\",\"position\":2,\"name\":\"Boda de Moni &#038; Juanka\"}]},{\"@type\":\"WebSite\",\"@id\":\"https:\\\/\\\/moniandjuanka.com\\\/#website\",\"url\":\"https:\\\/\\\/moniandjuanka.com\\\/\",\"name\":\"Moni &amp; Juanka Wedding\",\"description\":\"Todo lo que necesitas saber sobre la boda de M\u00f3nica y Juanka en Medell\u00edn Colombia el 6 de septiembre de 2026.\",\"publisher\":{\"@id\":\"https:\\\/\\\/moniandjuanka.com\\\/#organization\"},\"potentialAction\":[{\"@type\":\"SearchAction\",\"target\":{\"@type\":\"EntryPoint\",\"urlTemplate\":\"https:\\\/\\\/moniandjuanka.com\\\/?s={search_term_string}\"},\"query-input\":{\"@type\":\"PropertyValueSpecification\",\"valueRequired\":true,\"valueName\":\"search_term_string\"}}],\"inLanguage\":\"en-US\"},{\"@type\":\"Organization\",\"@id\":\"https:\\\/\\\/moniandjuanka.com\\\/#organization\",\"name\":\"Moni &amp; Juanka Wedding\",\"url\":\"https:\\\/\\\/moniandjuanka.com\\\/\",\"logo\":{\"@type\":\"ImageObject\",\"inLanguage\":\"en-US\",\"@id\":\"https:\\\/\\\/moniandjuanka.com\\\/#\\\/schema\\\/logo\\\/image\\\/\",\"url\":\"https:\\\/\\\/moniandjuanka.com\\\/wp-content\\\/uploads\\\/2026\\\/03\\\/cropped-J-3.webp\",\"contentUrl\":\"https:\\\/\\\/moniandjuanka.com\\\/wp-content\\\/uploads\\\/2026\\\/03\\\/cropped-J-3.webp\",\"width\":2000,\"height\":2000,\"caption\":\"Moni &amp; Juanka Wedding\"},\"image\":{\"@id\":\"https:\\\/\\\/moniandjuanka.com\\\/#\\\/schema\\\/logo\\\/image\\\/\"}}]}<\/script>\n<!-- \/ Yoast SEO plugin. -->","yoast_head_json":{"title":"Moni &amp; Juanka's wedding","description":"Welcome to Moni &amp; Juanka's wedding page in Colombia. Here you will find all the information about the event, dress code, transportation and details to celebrate together this special moment.","robots":{"index":"index","follow":"follow","max-snippet":"max-snippet:-1","max-image-preview":"max-image-preview:large","max-video-preview":"max-video-preview:-1"},"canonical":"https:\/\/moniandjuanka.com\/en\/","og_locale":"en_US","og_type":"article","og_title":"Boda de Moni & Juanka","og_description":"Bienvenidos a la p\u00e1gina de la boda de Moni & Juanka en Colombia. Aqu\u00ed encontrar\u00e1s toda la informaci\u00f3n del evento, dress code, transporte y detalles para celebrar juntos este momento tan especial.","og_url":"https:\/\/moniandjuanka.com\/en\/","og_site_name":"Moni &amp; Juanka Wedding","article_modified_time":"2026-03-07T02:22:39+00:00","og_image":[{"width":768,"height":1024,"url":"https:\/\/moniandjuanka.com\/wp-content\/uploads\/2026\/03\/IMG_8001-768x1024.webp","type":"image\/webp"}],"twitter_card":"summary_large_image","twitter_misc":{"Est. reading time":"1 minute"},"schema":{"@context":"https:\/\/schema.org","@graph":[{"@type":"WebPage","@id":"https:\/\/moniandjuanka.com\/","url":"https:\/\/moniandjuanka.com\/","name":"Moni &amp; Juanka's wedding","isPartOf":{"@id":"https:\/\/moniandjuanka.com\/#website"},"primaryImageOfPage":{"@id":"https:\/\/moniandjuanka.com\/#primaryimage"},"image":{"@id":"https:\/\/moniandjuanka.com\/#primaryimage"},"thumbnailUrl":"https:\/\/moniandjuanka.com\/wp-content\/uploads\/2026\/03\/IMG_7999-scaled.webp","datePublished":"2024-06-18T12:09:20+00:00","dateModified":"2026-03-07T02:22:39+00:00","description":"Welcome to Moni &amp; Juanka's wedding page in Colombia. Here you will find all the information about the event, dress code, transportation and details to celebrate together this special moment.","breadcrumb":{"@id":"https:\/\/moniandjuanka.com\/#breadcrumb"},"inLanguage":"en-US","potentialAction":[{"@type":"ReadAction","target":["https:\/\/moniandjuanka.com\/"]}]},{"@type":"ImageObject","inLanguage":"en-US","@id":"https:\/\/moniandjuanka.com\/#primaryimage","url":"https:\/\/moniandjuanka.com\/wp-content\/uploads\/2026\/03\/IMG_7999-scaled.webp","contentUrl":"https:\/\/moniandjuanka.com\/wp-content\/uploads\/2026\/03\/IMG_7999-scaled.webp","width":1920,"height":2560},{"@type":"BreadcrumbList","@id":"https:\/\/moniandjuanka.com\/#breadcrumb","itemListElement":[{"@type":"ListItem","position":1,"name":"Home","item":"https:\/\/moniandjuanka.com\/"},{"@type":"ListItem","position":2,"name":"Boda de Moni &#038; Juanka"}]},{"@type":"WebSite","@id":"https:\/\/moniandjuanka.com\/#website","url":"https:\/\/moniandjuanka.com\/","name":"Moni &amp; Juanka Wedding","description":"Everything you need to know about Monica and Juanka's wedding in Medellin Colombia on September 6, 2026.","publisher":{"@id":"https:\/\/moniandjuanka.com\/#organization"},"potentialAction":[{"@type":"SearchAction","target":{"@type":"EntryPoint","urlTemplate":"https:\/\/moniandjuanka.com\/?s={search_term_string}"},"query-input":{"@type":"PropertyValueSpecification","valueRequired":true,"valueName":"search_term_string"}}],"inLanguage":"en-US"},{"@type":"Organization","@id":"https:\/\/moniandjuanka.com\/#organization","name":"Moni &amp; Juanka Wedding","url":"https:\/\/moniandjuanka.com\/","logo":{"@type":"ImageObject","inLanguage":"en-US","@id":"https:\/\/moniandjuanka.com\/#\/schema\/logo\/image\/","url":"https:\/\/moniandjuanka.com\/wp-content\/uploads\/2026\/03\/cropped-J-3.webp","contentUrl":"https:\/\/moniandjuanka.com\/wp-content\/uploads\/2026\/03\/cropped-J-3.webp","width":2000,"height":2000,"caption":"Moni &amp; Juanka Wedding"},"image":{"@id":"https:\/\/moniandjuanka.com\/#\/schema\/logo\/image\/"}}]}},"_links":{"self":[{"href":"https:\/\/moniandjuanka.com\/en\/wp-json\/wp\/v2\/pages\/3489","targetHints":{"allow":["GET"]}}],"collection":[{"href":"https:\/\/moniandjuanka.com\/en\/wp-json\/wp\/v2\/pages"}],"about":[{"href":"https:\/\/moniandjuanka.com\/en\/wp-json\/wp\/v2\/types\/page"}],"author":[{"embeddable":true,"href":"https:\/\/moniandjuanka.com\/en\/wp-json\/wp\/v2\/users\/1"}],"replies":[{"embeddable":true,"href":"https:\/\/moniandjuanka.com\/en\/wp-json\/wp\/v2\/comments?post=3489"}],"version-history":[{"count":5,"href":"https:\/\/moniandjuanka.com\/en\/wp-json\/wp\/v2\/pages\/3489\/revisions"}],"predecessor-version":[{"id":8744,"href":"https:\/\/moniandjuanka.com\/en\/wp-json\/wp\/v2\/pages\/3489\/revisions\/8744"}],"wp:featuredmedia":[{"embeddable":true,"href":"https:\/\/moniandjuanka.com\/en\/wp-json\/wp\/v2\/media\/8402"}],"wp:attachment":[{"href":"https:\/\/moniandjuanka.com\/en\/wp-json\/wp\/v2\/media?parent=3489"}],"curies":[{"name":"wp","href":"https:\/\/api.w.org\/{rel}","templated":true}]}}